{"id":2485,"date":"2022-10-08T10:36:05","date_gmt":"2022-10-08T10:36:05","guid":{"rendered":"https:\/\/themes.dynamiclayers.net\/neobiz\/?page_id=9"},"modified":"2023-05-16T09:39:21","modified_gmt":"2023-05-16T09:39:21","slug":"homepage-default","status":"publish","type":"page","link":"http:\/\/www.ecaservisnoktasi.com\/blog\/","title":{"rendered":"Anasayfa"},"content":{"rendered":"\t\t<div data-elementor-type=\"wp-page\" data-elementor-id=\"2485\" class=\"elementor elementor-2485\">\n\t\t\t\t\t\t\t\t\t<section class=\"elementor-section elementor-top-section elementor-element elementor-element-12aaabc elementor-section-height-full elementor-section-boxed elementor-section-height-default elementor-section-items-middle\" data-id=\"12aaabc\" data-element_type=\"section\" data-settings=\"{&quot;background_background&quot;:&quot;classic&quot;,&quot;shape_divider_bottom&quot;:&quot;triangle&quot;}\">\n\t\t\t\t\t\t\t<div class=\"elementor-background-overlay\"><\/div>\n\t\t\t\t\t\t<div class=\"elementor-shape elementor-shape-bottom\" data-negative=\"false\">\n\t\t\t<svg xmlns=\"http:\/\/www.w3.org\/2000\/svg\" viewBox=\"0 0 1000 100\" preserveAspectRatio=\"none\">\n\t<path class=\"elementor-shape-fill\" d=\"M500,98.9L0,6.1V0h1000v6.1L500,98.9z\"\/>\n<\/svg>\t\t<\/div>\n\t\t\t\t\t<div class=\"elementor-container elementor-column-gap-default\">\n\t\t\t\t\t<div class=\"elementor-column elementor-col-100 elementor-top-column elementor-element elementor-element-c869d73\" data-id=\"c869d73\" data-element_type=\"column\">\n\t\t\t<div class=\"elementor-widget-wrap elementor-element-populated\">\n\t\t\t\t\t\t\t\t<div class=\"elementor-element elementor-element-065017b animated-slow e-transform elementor-invisible elementor-widget elementor-widget-heading\" data-id=\"065017b\" data-element_type=\"widget\" data-settings=\"{&quot;_animation&quot;:&quot;fadeIn&quot;,&quot;_transform_rotateZ_effect&quot;:{&quot;unit&quot;:&quot;px&quot;,&quot;size&quot;:0,&quot;sizes&quot;:[]},&quot;_transform_rotateZ_effect_tablet&quot;:{&quot;unit&quot;:&quot;deg&quot;,&quot;size&quot;:&quot;&quot;,&quot;sizes&quot;:[]},&quot;_transform_rotateZ_effect_mobile&quot;:{&quot;unit&quot;:&quot;deg&quot;,&quot;size&quot;:&quot;&quot;,&quot;sizes&quot;:[]}}\" data-widget_type=\"heading.default\">\n\t\t\t\t<div class=\"elementor-widget-container\">\n\t\t\t<style>\/*! elementor - v3.13.2 - 11-05-2023 *\/\n.elementor-heading-title{padding:0;margin:0;line-height:1}.elementor-widget-heading .elementor-heading-title[class*=elementor-size-]>a{color:inherit;font-size:inherit;line-height:inherit}.elementor-widget-heading .elementor-heading-title.elementor-size-small{font-size:15px}.elementor-widget-heading .elementor-heading-title.elementor-size-medium{font-size:19px}.elementor-widget-heading .elementor-heading-title.elementor-size-large{font-size:29px}.elementor-widget-heading .elementor-heading-title.elementor-size-xl{font-size:39px}.elementor-widget-heading .elementor-heading-title.elementor-size-xxl{font-size:59px}<\/style><h6 class=\"elementor-heading-title elementor-size-large\">Eca Kombi Servisi<\/h6>\t\t<\/div>\n\t\t\t\t<\/div>\n\t\t\t\t<div class=\"elementor-element elementor-element-2d88bbe elementor-widget__width-initial elementor-widget elementor-widget-text-editor\" data-id=\"2d88bbe\" data-element_type=\"widget\" data-widget_type=\"text-editor.default\">\n\t\t\t\t<div class=\"elementor-widget-container\">\n\t\t\t<style>\/*! elementor - v3.13.2 - 11-05-2023 *\/\n.elementor-widget-text-editor.elementor-drop-cap-view-stacked .elementor-drop-cap{background-color:#69727d;color:#fff}.elementor-widget-text-editor.elementor-drop-cap-view-framed .elementor-drop-cap{color:#69727d;border:3px solid;background-color:transparent}.elementor-widget-text-editor:not(.elementor-drop-cap-view-default) .elementor-drop-cap{margin-top:8px}.elementor-widget-text-editor:not(.elementor-drop-cap-view-default) .elementor-drop-cap-letter{width:1em;height:1em}.elementor-widget-text-editor .elementor-drop-cap{float:left;text-align:center;line-height:1;font-size:50px}.elementor-widget-text-editor .elementor-drop-cap-letter{display:inline-block}<\/style>\t\t\t\t\u0130stanbul EcaKombi Servisi &#8211; Kombi Ar\u0131za Bak\u0131m ve Montaj\t\t\t\t\t\t<\/div>\n\t\t\t\t<\/div>\n\t\t\t\t<div class=\"elementor-element elementor-element-df80402 dl-align-center elementor-widget elementor-widget-dl-button\" data-id=\"df80402\" data-element_type=\"widget\" data-widget_type=\"dl-button.default\">\n\t\t\t\t<div class=\"elementor-widget-container\">\n\t\t\t\r\n        <div class=\"dl-el-btn-wrap\">\r\n                            <a href=\"tel:444%2053%2016\" rel=\"nofollow\" class=\"dl-el-btn btn-1  has-icon style-1\" id=\"\">\r\n                <span >Eca Servisi \u00c7a\u011fr\u0131 Merkezi<\/span>\r\n                <i aria-hidden=\"true\" class=\"fas fa-phone-alt\"><\/i>                            <\/a>\r\n                <\/div>\r\n        \t\t<\/div>\n\t\t\t\t<\/div>\n\t\t\t\t\t<\/div>\n\t\t<\/div>\n\t\t\t\t\t\t\t<\/div>\n\t\t<\/section>\n\t\t\t\t<section class=\"elementor-section elementor-top-section elementor-element elementor-element-b1b1a0a elementor-section-boxed elementor-section-height-default elementor-section-height-default\" data-id=\"b1b1a0a\" data-element_type=\"section\" data-settings=\"{&quot;background_background&quot;:&quot;classic&quot;}\">\n\t\t\t\t\t\t<div class=\"elementor-container elementor-column-gap-default\">\n\t\t\t\t\t<div class=\"elementor-column elementor-col-100 elementor-top-column elementor-element elementor-element-d932d40\" data-id=\"d932d40\" data-element_type=\"column\">\n\t\t\t<div class=\"elementor-widget-wrap elementor-element-populated\">\n\t\t\t\t\t\t\t\t<div class=\"elementor-element elementor-element-9b36d09 dl-align-center elementor-invisible elementor-widget elementor-widget-dl-section-heading\" data-id=\"9b36d09\" data-element_type=\"widget\" data-settings=\"{&quot;_animation&quot;:&quot;fadeInUp&quot;}\" data-widget_type=\"dl-section-heading.default\">\n\t\t\t\t<div class=\"elementor-widget-container\">\n\t\t\t        <div class=\"dl-section-heading\">\r\n                            <h4 class=\"dl-sub-heading\">\r\n                <span class=\"custom-border left\">Eca Servisi 7\/24<\/span>\r\n            <\/h4>\r\n                                    <h2 class=\"dl-heading\" data-bg-text=\"\">\r\n                                    Kurumsal Servis A\u011f\u0131 ve G\u00fcvencesiyle Sizlere Hizmet Sa\u011flamaktay\u0131z.Ayn\u0131 G\u00fcn Servis \u0130mkan\u0131.                            <\/h2>\r\n                                        <p class=\"dl-desc\">1 Y\u0131l Garantili Hizmet Ar\u0131za Onar\u0131m Bak\u0131m Hizmetleriyle Sizlere 7\/24 Destek Sa\u011flamaktay\u0131z.<\/p>\r\n                    <\/div>\r\n        \t\t<\/div>\n\t\t\t\t<\/div>\n\t\t\t\t<div class=\"elementor-element elementor-element-800d1a4 align-left bg-shape-yes elementor-widget elementor-widget-neobiz-service-items\" data-id=\"800d1a4\" data-element_type=\"widget\" data-widget_type=\"neobiz-service-items.default\">\n\t\t\t\t<div class=\"elementor-widget-container\">\n\t\t\t        <div class=\"nb-service-items\" data-effect=\"enable\">\r\n                        <div class=\"nb-service-item elementor-repeater-item-4134908 wow dl-animation dl-fadeInBottom\" data-wow-offset=\"200\" data-wow-delay=\"200ms\" data-wow-duration=\"700ms\">\r\n                <div class=\"service-inner\">\r\n                                            <div class=\"service-icon\"><i aria-hidden=\"true\" class=\"fas fa-check-double\"><\/i><\/div>\r\n                    <h3 class=\"heading\">Eca Servisi<\/h3><p >Size En Yak\u0131n B\u00f6lge Servislerimizden Servis Hizmeti Almak \u0130\u00e7in Hemen Aray\u0131n<\/p>                    <div class=\"dir-overlay\"><\/div>\r\n                <\/div>\r\n            <\/div>\r\n                        <div class=\"nb-service-item elementor-repeater-item-e8623c5 wow dl-animation dl-fadeInBottom\" data-wow-offset=\"200\" data-wow-delay=\"300ms\" data-wow-duration=\"700ms\">\r\n                <div class=\"service-inner\">\r\n                                            <div class=\"service-icon\"><i aria-hidden=\"true\" class=\"fas fa-cog\"><\/i><\/div>\r\n                    <h3 class=\"heading\">Eca Kombi Bak\u0131m\u0131<\/h3><p >Kombinizin uzun y\u0131llar y\u00fcksek verim ve performans sa\u011flayarak \u00e7al\u0131\u015fmas\u0131 i\u00e7in bak\u0131m<\/p>                    <div class=\"dir-overlay\"><\/div>\r\n                <\/div>\r\n            <\/div>\r\n                        <div class=\"nb-service-item elementor-repeater-item-1260457 wow dl-animation dl-fadeInBottom\" data-wow-offset=\"200\" data-wow-delay=\"400ms\" data-wow-duration=\"700ms\">\r\n                <div class=\"service-inner\">\r\n                                            <div class=\"service-icon\"><i aria-hidden=\"true\" class=\"fab fa-whmcs\"><\/i><\/div>\r\n                    <h3 class=\"heading\">7\/24 Servis<\/h3><p >Hemen Bize Ula\u015f\u0131n Ve Destek Kayd\u0131 Olu\u015fturun. \u00c7a\u011fr\u0131 Merkezi. Bak\u0131m ve Onar\u0131m Servisi. <\/p>                    <div class=\"dir-overlay\"><\/div>\r\n                <\/div>\r\n            <\/div>\r\n                        <div class=\"nb-service-item elementor-repeater-item-02f4aff wow dl-animation dl-fadeInBottom\" data-wow-offset=\"200\" data-wow-delay=\"500ms\" data-wow-duration=\"700ms\">\r\n                <div class=\"service-inner\">\r\n                                            <div class=\"service-icon\"><i aria-hidden=\"true\" class=\"fas fa-user-check\"><\/i><\/div>\r\n                    <h3 class=\"heading\">M\u00fc\u015fteri Hizmetleri<\/h3><p >Eca servisi, kombi servis uzmanlar\u0131yla beraber kombi servis i\u015flemlerinizi en ...<\/p>                    <div class=\"dir-overlay\"><\/div>\r\n                <\/div>\r\n            <\/div>\r\n                    <\/div>\r\n        \t\t<\/div>\n\t\t\t\t<\/div>\n\t\t\t\t\t<\/div>\n\t\t<\/div>\n\t\t\t\t\t\t\t<\/div>\n\t\t<\/section>\n\t\t\t\t<section class=\"elementor-section elementor-top-section elementor-element elementor-element-4aebe2d elementor-section-content-middle elementor-section-boxed elementor-section-height-default elementor-section-height-default\" data-id=\"4aebe2d\" data-element_type=\"section\" data-settings=\"{&quot;background_background&quot;:&quot;classic&quot;}\">\n\t\t\t\t\t\t\t<div class=\"elementor-background-overlay\"><\/div>\n\t\t\t\t\t\t\t<div class=\"elementor-container elementor-column-gap-default\">\n\t\t\t\t\t<div class=\"elementor-column elementor-col-100 elementor-top-column elementor-element elementor-element-62c51bf\" data-id=\"62c51bf\" data-element_type=\"column\">\n\t\t\t<div class=\"elementor-widget-wrap elementor-element-populated\">\n\t\t\t\t\t\t\t\t<section class=\"elementor-section elementor-inner-section elementor-element elementor-element-df5f1de nb-shape-yes elementor-section-content-middle shape-pos-bottom-left elementor-section-boxed elementor-section-height-default elementor-section-height-default\" data-id=\"df5f1de\" data-element_type=\"section\" data-settings=\"{&quot;background_background&quot;:&quot;classic&quot;}\">\n\t\t\t\t\t\t\t<div class=\"elementor-background-overlay\"><\/div>\n\t\t\t\t\t\t\t<div class=\"elementor-container elementor-column-gap-no\">\n\t\t\t\t\t<div class=\"elementor-column elementor-col-50 elementor-inner-column elementor-element elementor-element-89e2266 elementor-invisible\" data-id=\"89e2266\" data-element_type=\"column\" data-settings=\"{&quot;animation&quot;:&quot;fadeInUp&quot;}\">\n\t\t\t<div class=\"elementor-widget-wrap elementor-element-populated\">\n\t\t\t\t\t\t\t\t<div class=\"elementor-element elementor-element-310c24c dl-align-left elementor-widget elementor-widget-dl-section-heading\" data-id=\"310c24c\" data-element_type=\"widget\" data-widget_type=\"dl-section-heading.default\">\n\t\t\t\t<div class=\"elementor-widget-container\">\n\t\t\t        <div class=\"dl-section-heading\">\r\n                            <h4 class=\"dl-sub-heading\">\r\n                <span class=\"custom-border left\">7\/24 Eca Servisi<\/span>\r\n            <\/h4>\r\n                                    <h2 class=\"dl-heading\" data-bg-text=\"\">\r\n                                    Eca Kombi Servisi<br>\nTamir Bak\u0131m Montaj                            <\/h2>\r\n                                        <p class=\"dl-desc\">Eca Kombi periyodik bak\u0131m ve kombi ar\u0131zalar\u0131nda ayn\u0131 g\u00fcn servis hizmeti<\/p>\r\n                    <\/div>\r\n        \t\t<\/div>\n\t\t\t\t<\/div>\n\t\t\t\t<div class=\"elementor-element elementor-element-5c44a7c dl-align-left elementor-widget elementor-widget-dl-button\" data-id=\"5c44a7c\" data-element_type=\"widget\" data-widget_type=\"dl-button.default\">\n\t\t\t\t<div class=\"elementor-widget-container\">\n\t\t\t\r\n        <div class=\"dl-el-btn-wrap\">\r\n                            <a href=\"tel:444%2053%2016\" rel=\"nofollow\" class=\"dl-el-btn btn-1  style-1\" id=\"\">\r\n                <span >Servis Randevusu<\/span>\r\n                                            <\/a>\r\n                <\/div>\r\n        \t\t<\/div>\n\t\t\t\t<\/div>\n\t\t\t\t\t<\/div>\n\t\t<\/div>\n\t\t\t\t<div class=\"elementor-column elementor-col-50 elementor-inner-column elementor-element elementor-element-f4fb813 elementor-hidden-mobile\" data-id=\"f4fb813\" data-element_type=\"column\">\n\t\t\t<div class=\"elementor-widget-wrap elementor-element-populated\">\n\t\t\t\t\t\t\t\t<div class=\"elementor-element elementor-element-288d690 elementor-absolute elementor-invisible elementor-widget elementor-widget-image\" data-id=\"288d690\" data-element_type=\"widget\" data-settings=\"{&quot;_position&quot;:&quot;absolute&quot;,&quot;_animation&quot;:&quot;fadeInUp&quot;,&quot;_animation_delay&quot;:&quot;300&quot;}\" data-widget_type=\"image.default\">\n\t\t\t\t<div class=\"elementor-widget-container\">\n\t\t\t<style>\/*! elementor - v3.13.2 - 11-05-2023 *\/\n.elementor-widget-image{text-align:center}.elementor-widget-image a{display:inline-block}.elementor-widget-image a img[src$=\".svg\"]{width:48px}.elementor-widget-image img{vertical-align:middle;display:inline-block}<\/style>\t\t\t\t\t\t\t\t\t\t\t\t<img loading=\"lazy\" decoding=\"async\" width=\"470\" height=\"440\" src=\"http:\/\/www.ecaservisnoktasi.com\/blog\/wp-content\/uploads\/2023\/05\/ecaservisi1-1.png\" class=\"attachment-large size-large wp-image-2708\" alt=\"\" srcset=\"http:\/\/www.ecaservisnoktasi.com\/blog\/wp-content\/uploads\/2023\/05\/ecaservisi1-1.png 470w, http:\/\/www.ecaservisnoktasi.com\/blog\/wp-content\/uploads\/2023\/05\/ecaservisi1-1-300x281.png 300w\" sizes=\"auto, (max-width: 470px) 100vw, 470px\" \/>\t\t\t\t\t\t\t\t\t\t\t\t\t\t\t<\/div>\n\t\t\t\t<\/div>\n\t\t\t\t\t<\/div>\n\t\t<\/div>\n\t\t\t\t\t\t\t<\/div>\n\t\t<\/section>\n\t\t\t\t\t<\/div>\n\t\t<\/div>\n\t\t\t\t\t\t\t<\/div>\n\t\t<\/section>\n\t\t\t\t<section class=\"elementor-section elementor-top-section elementor-element elementor-element-659fbac elementor-section-boxed elementor-section-height-default elementor-section-height-default\" data-id=\"659fbac\" data-element_type=\"section\" data-settings=\"{&quot;background_background&quot;:&quot;classic&quot;}\">\n\t\t\t\t\t\t<div class=\"elementor-container elementor-column-gap-default\">\n\t\t\t\t\t<div class=\"elementor-column elementor-col-100 elementor-top-column elementor-element elementor-element-4d8d407\" data-id=\"4d8d407\" data-element_type=\"column\">\n\t\t\t<div class=\"elementor-widget-wrap elementor-element-populated\">\n\t\t\t\t\t\t\t\t<div class=\"elementor-element elementor-element-527330f dl-align-center elementor-invisible elementor-widget elementor-widget-dl-section-heading\" data-id=\"527330f\" data-element_type=\"widget\" data-settings=\"{&quot;_animation&quot;:&quot;fadeInUp&quot;}\" data-widget_type=\"dl-section-heading.default\">\n\t\t\t\t<div class=\"elementor-widget-container\">\n\t\t\t        <div class=\"dl-section-heading\">\r\n                            <h4 class=\"dl-sub-heading\">\r\n                <span class=\"custom-border left\">\u0130stanbul'un T\u00fcm \u0130l\u00e7elerine Kombi Servisi Hizmeti \u0130\u00e7in Bize Ula\u015f\u0131n.<\/span>\r\n            <\/h4>\r\n                                    <h2 class=\"dl-heading\" data-bg-text=\"\">\r\n                                    Profesyonel Teknik Servis                            <\/h2>\r\n                                        <p class=\"dl-desc\">Garantili, %100 Uygun fiyat garantisi ve %100 M\u00fc\u015fteri Memnuniyeti. <br>Eca Kombi bak\u0131m ve servis hizmetimiz ayn\u0131 g\u00fcn hizmet vermektedir<\/p>\r\n                    <\/div>\r\n        \t\t<\/div>\n\t\t\t\t<\/div>\n\t\t\t\t<div class=\"elementor-element elementor-element-d595f0e line-effect-yes elementor-widget elementor-widget-neobiz-blog\" data-id=\"d595f0e\" data-element_type=\"widget\" data-widget_type=\"neobiz-blog.default\">\n\t\t\t\t<div class=\"elementor-widget-container\">\n\t\t\t        <div class=\"el-blog-items neobiz-el-blog\" data-carousel=\"\">\r\n                                                <article class=\"el-blog-item post-2914 post type-post status-publish format-standard has-post-thumbnail hentry category-ecaservisi-blog tag-atakoy-eca-kombi-servisi tag-atakoy-eca-servisi tag-atakoy-eca-yetkili-servisi\">\r\n                <div class=\"el-post-item\">\r\n                    <div class=\"el-post-thumb\">\r\n                        <a href=\"http:\/\/www.ecaservisnoktasi.com\/blog\/atakoy-eca-servisi\/\" class=\"el-post-thumb-inner\">\r\n                                                    <img loading=\"lazy\" decoding=\"async\" width=\"380\" height=\"250\" src=\"http:\/\/www.ecaservisnoktasi.com\/blog\/wp-content\/uploads\/2022\/01\/boiler-2-380x250.jpg\" class=\"attachment-neobiz-thumb-grid size-neobiz-thumb-grid wp-post-image\" alt=\"Atak\u00f6y eca servisi\" \/>                                                <\/a>\r\n                                            <\/div>\r\n                    <div class=\"el-post-content\">\r\n                                                <h3 class=\"post-title\">\r\n                            <a href=\"http:\/\/www.ecaservisnoktasi.com\/blog\/atakoy-eca-servisi\/\">Atak\u00f6y Eca Servisi<\/a>\r\n                        <\/h3>\r\n                                                    <p>Atak\u00f6y Eca Servisi Atak\u00f6y eca servisi g\u00fcn\u00fcm\u00fczde do\u011falgaz \u00fcr\u00fcnlerinin daha s\u0131k kullan\u0131lmaya...<\/p>\r\n                                                                            <a href=\"http:\/\/www.ecaservisnoktasi.com\/blog\/atakoy-eca-servisi\/\" class=\"read-more\">Devam\u0131 <i class=\"las la-long-arrow-alt-right\"><\/i><\/a>\r\n                                            <\/div>\r\n                <\/div>\r\n            <\/article>\r\n                                                <article class=\"el-blog-item post-2908 post type-post status-publish format-standard has-post-thumbnail hentry category-ecaservisi-blog tag-bayrampasa-eca-kombi-servisi tag-bayrampasa-eca-servisi\">\r\n                <div class=\"el-post-item\">\r\n                    <div class=\"el-post-thumb\">\r\n                        <a href=\"http:\/\/www.ecaservisnoktasi.com\/blog\/bayrampasa-eca-servisi\/\" class=\"el-post-thumb-inner\">\r\n                                                    <img loading=\"lazy\" decoding=\"async\" width=\"380\" height=\"250\" src=\"http:\/\/www.ecaservisnoktasi.com\/blog\/wp-content\/uploads\/2023\/05\/ecaservisi-380x250.jpg\" class=\"attachment-neobiz-thumb-grid size-neobiz-thumb-grid wp-post-image\" alt=\"bayrampa\u015fa eca servisi\" \/>                                                <\/a>\r\n                                            <\/div>\r\n                    <div class=\"el-post-content\">\r\n                                                <h3 class=\"post-title\">\r\n                            <a href=\"http:\/\/www.ecaservisnoktasi.com\/blog\/bayrampasa-eca-servisi\/\">Bayrampa\u015fa Eca Servisi<\/a>\r\n                        <\/h3>\r\n                                                    <p>Bayrampa\u015fa eca servisi Bayrampa\u015fa eca servisi t\u00fcm noktalara kombi servisi a\u011f\u0131m\u0131z ile hizmetler...<\/p>\r\n                                                                            <a href=\"http:\/\/www.ecaservisnoktasi.com\/blog\/bayrampasa-eca-servisi\/\" class=\"read-more\">Devam\u0131 <i class=\"las la-long-arrow-alt-right\"><\/i><\/a>\r\n                                            <\/div>\r\n                <\/div>\r\n            <\/article>\r\n                                                <article class=\"el-blog-item post-2885 post type-post status-publish format-standard has-post-thumbnail hentry category-ecaservisi-blog tag-eca-kombi-f5-hatasi\">\r\n                <div class=\"el-post-item\">\r\n                    <div class=\"el-post-thumb\">\r\n                        <a href=\"http:\/\/www.ecaservisnoktasi.com\/blog\/eca-kombi-f5-hatasi\/\" class=\"el-post-thumb-inner\">\r\n                                                    <img loading=\"lazy\" decoding=\"async\" width=\"380\" height=\"250\" src=\"http:\/\/www.ecaservisnoktasi.com\/blog\/wp-content\/uploads\/2023\/10\/eca-kombi-f5-hatasi-380x250.jpg\" class=\"attachment-neobiz-thumb-grid size-neobiz-thumb-grid wp-post-image\" alt=\"eca kombi f5 hatas\u0131\" \/>                                                <\/a>\r\n                                            <\/div>\r\n                    <div class=\"el-post-content\">\r\n                                                <h3 class=\"post-title\">\r\n                            <a href=\"http:\/\/www.ecaservisnoktasi.com\/blog\/eca-kombi-f5-hatasi\/\">Eca kombi f5 hatas\u0131<\/a>\r\n                        <\/h3>\r\n                                                    <p>Eca kombi f5 hatas\u0131 cihazda hava ak\u0131\u015f sorunu oldu\u011fu belirtmektedir. Eca kombilerde f5 hatas\u0131 g?...<\/p>\r\n                                                                            <a href=\"http:\/\/www.ecaservisnoktasi.com\/blog\/eca-kombi-f5-hatasi\/\" class=\"read-more\">Devam\u0131 <i class=\"las la-long-arrow-alt-right\"><\/i><\/a>\r\n                                            <\/div>\r\n                <\/div>\r\n            <\/article>\r\n                                            <\/div>\r\n        \t\t<\/div>\n\t\t\t\t<\/div>\n\t\t\t\t\t<\/div>\n\t\t<\/div>\n\t\t\t\t\t\t\t<\/div>\n\t\t<\/section>\n\t\t\t\t\t\t\t<\/div>\n\t\t","protected":false},"excerpt":{"rendered":"<p>Eca Kombi Servisi \u0130stanbul EcaKombi Servisi &#8211; Kombi Ar\u0131za Bak\u0131m ve Montaj Eca Servisi \u00c7a\u011fr\u0131 Merkezi Eca Servisi 7\/24 Kurumsal Servis A\u011f\u0131 ve G\u00fcvencesiyle Sizlere Hizmet Sa\u011flamaktay\u0131z.Ayn\u0131 G\u00fcn Servis \u0130mkan\u0131. 1 Y\u0131l Garantili Hizmet Ar\u0131za Onar\u0131m Bak\u0131m Hizmetleriyle Sizlere 7\/24 Destek Sa\u011flamaktay\u0131z. Eca Servisi Size En Yak\u0131n B\u00f6lge Servislerimizden Servis Hizmeti Almak \u0130\u00e7in Hemen Aray\u0131n [&hellip;]<\/p>\n","protected":false},"author":1,"featured_media":0,"parent":0,"menu_order":0,"comment_status":"closed","ping_status":"closed","template":"elementor-template.php","meta":{"_mi_skip_tracking":false,"footnotes":""},"class_list":["post-2485","page","type-page","status-publish","hentry"],"acf":[],"_links":{"self":[{"href":"http:\/\/www.ecaservisnoktasi.com\/blog\/wp-json\/wp\/v2\/pages\/2485","targetHints":{"allow":["GET"]}}],"collection":[{"href":"http:\/\/www.ecaservisnoktasi.com\/blog\/wp-json\/wp\/v2\/pages"}],"about":[{"href":"http:\/\/www.ecaservisnoktasi.com\/blog\/wp-json\/wp\/v2\/types\/page"}],"author":[{"embeddable":true,"href":"http:\/\/www.ecaservisnoktasi.com\/blog\/wp-json\/wp\/v2\/users\/1"}],"replies":[{"embeddable":true,"href":"http:\/\/www.ecaservisnoktasi.com\/blog\/wp-json\/wp\/v2\/comments?post=2485"}],"version-history":[{"count":161,"href":"http:\/\/www.ecaservisnoktasi.com\/blog\/wp-json\/wp\/v2\/pages\/2485\/revisions"}],"predecessor-version":[{"id":2794,"href":"http:\/\/www.ecaservisnoktasi.com\/blog\/wp-json\/wp\/v2\/pages\/2485\/revisions\/2794"}],"wp:attachment":[{"href":"http:\/\/www.ecaservisnoktasi.com\/blog\/wp-json\/wp\/v2\/media?parent=2485"}],"curies":[{"name":"wp","href":"https:\/\/api.w.org\/{rel}","templated":true}]}}